{"id":16066,"date":"2024-04-29T13:21:38","date_gmt":"2024-04-29T17:21:38","guid":{"rendered":"https:\/\/cape.oceanmedia.ca\/?page_id=16066"},"modified":"2024-04-29T13:27:45","modified_gmt":"2024-04-29T17:27:45","slug":"projet-de-loi-c-372-la-loi-concernant-la-publicite-relative-aux-combustibles-fossiles","status":"publish","type":"page","link":"https:\/\/cape.oceanmedia.ca\/fr\/projet-de-loi-c-372-la-loi-concernant-la-publicite-relative-aux-combustibles-fossiles\/","title":{"rendered":"Projet de loi C-372 : la Loi concernant la publicit\u00e9 relative aux combustibles fossiles"},"content":{"rendered":"<p><span style=\"font-weight: 400;\">En f\u00e9vrier 2024, le projet de loi\u00a0C-372, la <\/span><i><span style=\"font-weight: 400;\">Loi concernant la publicit\u00e9 relative aux combustibles fossiles<\/span><\/i><span style=\"font-weight: 400;\">, a \u00e9t\u00e9 d\u00e9pos\u00e9 \u00e0 la Chambre des communes. L\u2019ACME se r\u00e9jouit du d\u00e9p\u00f4t de ce projet de loi par Charlie Angus, porte-parole du Nouveau Parti d\u00e9mocratique en mati\u00e8re de ressources naturelles et d\u00e9put\u00e9 de Timmins-Baie James. Cette initiative vient soutenir la campagne d\u2019interdiction de la publicit\u00e9 pour les combustibles fossiles de l\u2019ACME, lanc\u00e9e en 2022. Cliquez <\/span><a href=\"https:\/\/cape.oceanmedia.ca\/fr\/declaration-de-lacme-sur-le-projet-de-loi-visant-linterdiction-de-la-publicite-pour-les-combustibles-fossiles\/\" target=\"_blank\" rel=\"noopener\"><span style=\"font-weight: 400;\">ici<\/span><\/a> <span style=\"font-weight: 400;\">pour lire la d\u00e9claration de l\u2019ACME sur le d\u00e9p\u00f4t de ce projet de loi d\u2019initiative parlementaire.\u00a0<\/span><\/p>\n<p><span style=\"font-weight: 400;\">Lors de la conf\u00e9rence de presse annon\u00e7ant le projet de loi, la D<\/span><span style=\"font-weight: 400;\">re<\/span><span style=\"font-weight: 400;\"> Sehjal Bhargava et \u00c9milie Tremblay, deux professionnelles de la sant\u00e9, ainsi que Jennifer Smith, militante au sein de For Our Kids et de M\u00e8res au front, et la directrice de la campagne de l\u2019ACME pour l\u2019interdiction de la publicit\u00e9 sur les combustibles fossiles, Leah Temper, ont soulev\u00e9 la n\u00e9cessit\u00e9 d\u2019interdire cette forme de publicit\u00e9. Visionnez les moments forts de leurs discours <\/span><a href=\"https:\/\/youtube.com\/shorts\/ss-8T71rwvk?feature=shared\" target=\"_blank\" rel=\"noopener\"><span style=\"font-weight: 400;\">ici<\/span><\/a><span style=\"font-weight: 400;\">.<\/span><\/p>\n<p><span style=\"font-weight: 400;\">Ce projet de loi d\u2019initiative parlementaire constitue une \u00e9tape importante dans la lutte contre cette crise nationale de sant\u00e9 publique, et contre la campagne de d\u00e9sinformation men\u00e9e par l\u2019industrie p\u00e9troli\u00e8re et gazi\u00e8re, qui aggrave le probl\u00e8me. Le projet de loi s\u2019appuie lui aussi sur la <\/span><i><span style=\"font-weight: 400;\">Loi canadienne sur la sant\u00e9<\/span><\/i><span style=\"font-weight: 400;\">, tout comme le Canada l\u2019avait fait lorsqu\u2019il avait voulu interdire les publicit\u00e9s mensong\u00e8res des grandes soci\u00e9t\u00e9s de tabac.<\/span><\/p>\n<div class=\"su-spacer\" style=\"height:20px\"><\/div>\n<h4>Dans les m\u00e9dias<\/h4>\n<ul>\n<li><span style=\"font-weight: 400;\">Calls mount for crackdown on false fossil fuel ads (Les appels se multiplient en faveur de mesures \u00e9nergiques contre les publicit\u00e9s mensong\u00e8res sur les combustibles fossiles) | <\/span><a href=\"https:\/\/www.nationalobserver.com\/2024\/03\/05\/news\/calls-mount-crackdown-false-fossil-fuel-ads\" target=\"_blank\" rel=\"noopener\"><span style=\"font-weight: 400;\">National Observer<\/span><\/a><span style=\"font-weight: 400;\">\u00a0 <\/span><\/li>\n<li><span style=\"font-weight: 400;\">Posts misrepresent Canadian MP\u2019s proposal to ban fossil fuel ads (La proposition d\u2019un d\u00e9put\u00e9 canadien d\u2019interdire la publicit\u00e9 pour les combustibles fossiles est pr\u00e9sent\u00e9e de fa\u00e7on erron\u00e9e dans les m\u00e9dias) | <\/span><a href=\"https:\/\/factcheck.afp.com\/doc.afp.com.34JB6KA\" target=\"_blank\" rel=\"noopener\"><span style=\"font-weight: 400;\">AFP Fact Check\u00a0<\/span><\/a><\/li>\n<\/ul>\n<div class=\"su-spacer\" style=\"height:20px\"><\/div>\n<h4>Articles d\u2019opinion<\/h4>\n<ul>\n<li><span style=\"font-weight: 400;\">Opinion : We banned tobacco ads; why not those for fossil fuels? (Nous avons interdit les publicit\u00e9s pour le tabac; pourquoi pas celles pour les combustibles fossiles?) | <\/span><a href=\"https:\/\/montrealgazette.com\/opinion\/opinion-we-banned-tobacco-ads-why-not-those-for-fossil-fuels\" target=\"_blank\" rel=\"noopener\"><span style=\"font-weight: 400;\">The Montreal Gazette <\/span><\/a><\/li>\n<li><span style=\"font-weight: 400;\">Charlie Angus : The Big Tobacco <\/span><span style=\"font-weight: 400;\">moment comes for Big Oil<\/span>\u00a0<span style=\"font-weight: 400;\">(Un projet de loi s\u2019inspire des r\u00e9glementations r\u00e9gissant l\u2019industrie du tabac pour interdire la publicit\u00e9 relative aux combustibles fossiles) | <\/span><a href=\"https:\/\/www.nationalobserver.com\/2024\/02\/15\/opinion\/big-tobacco-moment-comes-big-oil\" target=\"_blank\" rel=\"noopener\"><span style=\"font-weight: 400;\">National Observer <\/span><\/a><\/li>\n<li><span style=\"font-weight: 400;\">Seth Klein : Like we did for tobacco, we must ban false fossil fuel ads <\/span><span style=\"font-weight: 400;\">(Comme nous l\u2019avons fait pour les publicit\u00e9s sur le tabac, nous devons interdire les publicit\u00e9s mensong\u00e8res pour les combustibles fossiles) | <\/span><a href=\"https:\/\/www.nationalobserver.com\/2024\/02\/13\/opinion\/ban-false-fossil-fuel-ads-tobacco-climate-crisis\" target=\"_blank\" rel=\"noopener\"><span style=\"font-weight: 400;\">National Observer <\/span><\/a><\/li>\n<\/ul>\n","protected":false},"excerpt":{"rendered":"<p>En f\u00e9vrier 2024, le projet de loi\u00a0C-372, la Loi concernant la publicit\u00e9 relative aux combustibles fossiles, a \u00e9t\u00e9 d\u00e9pos\u00e9 \u00e0 la Chambre des communes. L\u2019ACME se r\u00e9jouit du d\u00e9p\u00f4t de ce projet de loi par Charlie Angus, porte-parole du Nouveau Parti d\u00e9mocratique en mati\u00e8re de ressources naturelles et d\u00e9put\u00e9 de Timmins-Baie James. Cette initiative vient &hellip; <a href=\"https:\/\/cape.oceanmedia.ca\/fr\/projet-de-loi-c-372-la-loi-concernant-la-publicite-relative-aux-combustibles-fossiles\/\">Continued<\/a><\/p>\n","protected":false},"author":43,"featured_media":16014,"parent":0,"menu_order":0,"comment_status":"closed","ping_status":"closed","template":"","meta":{"_exactmetrics_skip_tracking":false,"_exactmetrics_sitenote_active":false,"_exactmetrics_sitenote_note":"","_exactmetrics_sitenote_category":0,"footnotes":"","_links_to":"","_links_to_target":""},"categories":[356],"tags":[],"class_list":["post-16066","page","type-page","status-publish","has-post-thumbnail","hentry","category-arreter-la-publicite-sur-les-combustibles-fossiles"],"acf":[],"yoast_head":"<!-- This site is optimized with the Yoast SEO plugin v21.7 - https:\/\/yoast.com\/wordpress\/plugins\/seo\/ -->\n<title>Projet de loi C-372 : la Loi concernant la publicit\u00e9 relative aux combustibles fossiles - CAPE<\/title>\n<meta name=\"robots\" content=\"noindex, follow, max-snippet:-1, max-image-preview:large, max-video-preview:-1\" \/>\n<meta property=\"og:locale\" content=\"fr_FR\" \/>\n<meta property=\"og:type\" content=\"article\" \/>\n<meta property=\"og:title\" content=\"Projet de loi C-372 : la Loi concernant la publicit\u00e9 relative aux combustibles fossiles - CAPE\" \/>\n<meta property=\"og:description\" content=\"En f\u00e9vrier 2024, le projet de loi\u00a0C-372, la Loi concernant la publicit\u00e9 relative aux combustibles fossiles, a \u00e9t\u00e9 d\u00e9pos\u00e9 \u00e0 la Chambre des communes. L\u2019ACME se r\u00e9jouit du d\u00e9p\u00f4t de ce projet de loi par Charlie Angus, porte-parole du Nouveau Parti d\u00e9mocratique en mati\u00e8re de ressources naturelles et d\u00e9put\u00e9 de Timmins-Baie James. Cette initiative vient &hellip; Continued\" \/>\n<meta property=\"og:url\" content=\"https:\/\/cape.oceanmedia.ca\/fr\/projet-de-loi-c-372-la-loi-concernant-la-publicite-relative-aux-combustibles-fossiles\/\" \/>\n<meta property=\"og:site_name\" content=\"CAPE\" \/>\n<meta property=\"article:publisher\" content=\"https:\/\/www.facebook.com\/capedoctors\" \/>\n<meta property=\"article:modified_time\" content=\"2024-04-29T17:27:45+00:00\" \/>\n<meta property=\"og:image\" content=\"https:\/\/cape.oceanmedia.ca\/wp-content\/uploads\/2024\/04\/CAPE-Lobby-Day-Bill-C-372-3-scaled.jpg\" \/>\n\t<meta property=\"og:image:width\" content=\"2560\" \/>\n\t<meta property=\"og:image:height\" content=\"2560\" \/>\n\t<meta property=\"og:image:type\" content=\"image\/jpeg\" \/>\n<meta name=\"twitter:card\" content=\"summary_large_image\" \/>\n<meta name=\"twitter:site\" content=\"@CAPE_ACME\" \/>\n<meta name=\"twitter:label1\" content=\"Dur\u00e9e de lecture estim\u00e9e\" \/>\n\t<meta name=\"twitter:data1\" content=\"2 minutes\" \/>\n<script type=\"application\/ld+json\" class=\"yoast-schema-graph\">{\"@context\":\"https:\/\/schema.org\",\"@graph\":[{\"@type\":\"WebPage\",\"@id\":\"https:\/\/cape.oceanmedia.ca\/fr\/projet-de-loi-c-372-la-loi-concernant-la-publicite-relative-aux-combustibles-fossiles\/\",\"url\":\"https:\/\/cape.oceanmedia.ca\/fr\/projet-de-loi-c-372-la-loi-concernant-la-publicite-relative-aux-combustibles-fossiles\/\",\"name\":\"Projet de loi C-372 : la Loi concernant la publicit\u00e9 relative aux combustibles fossiles - CAPE\",\"isPartOf\":{\"@id\":\"https:\/\/cape.oceanmedia.ca\/fr\/#website\"},\"datePublished\":\"2024-04-29T17:21:38+00:00\",\"dateModified\":\"2024-04-29T17:27:45+00:00\",\"breadcrumb\":{\"@id\":\"https:\/\/cape.oceanmedia.ca\/fr\/projet-de-loi-c-372-la-loi-concernant-la-publicite-relative-aux-combustibles-fossiles\/#breadcrumb\"},\"inLanguage\":\"fr-FR\",\"potentialAction\":[{\"@type\":\"ReadAction\",\"target\":[\"https:\/\/cape.oceanmedia.ca\/fr\/projet-de-loi-c-372-la-loi-concernant-la-publicite-relative-aux-combustibles-fossiles\/\"]}]},{\"@type\":\"BreadcrumbList\",\"@id\":\"https:\/\/cape.oceanmedia.ca\/fr\/projet-de-loi-c-372-la-loi-concernant-la-publicite-relative-aux-combustibles-fossiles\/#breadcrumb\",\"itemListElement\":[{\"@type\":\"ListItem\",\"position\":1,\"name\":\"Home\",\"item\":\"https:\/\/cape.oceanmedia.ca\/fr\/\"},{\"@type\":\"ListItem\",\"position\":2,\"name\":\"Projet de loi C-372 : la Loi concernant la publicit\u00e9 relative aux combustibles fossiles\"}]},{\"@type\":\"WebSite\",\"@id\":\"https:\/\/cape.oceanmedia.ca\/fr\/#website\",\"url\":\"https:\/\/cape.oceanmedia.ca\/fr\/\",\"name\":\"CAPE\",\"description\":\"Canadian Association of Physicians for the Environment\",\"publisher\":{\"@id\":\"https:\/\/cape.oceanmedia.ca\/fr\/#organization\"},\"potentialAction\":[{\"@type\":\"SearchAction\",\"target\":{\"@type\":\"EntryPoint\",\"urlTemplate\":\"https:\/\/cape.oceanmedia.ca\/fr\/?s={search_term_string}\"},\"query-input\":\"required name=search_term_string\"}],\"inLanguage\":\"fr-FR\"},{\"@type\":\"Organization\",\"@id\":\"https:\/\/cape.oceanmedia.ca\/fr\/#organization\",\"name\":\"Canadian Association of Physicians for the Environment\",\"url\":\"https:\/\/cape.oceanmedia.ca\/fr\/\",\"logo\":{\"@type\":\"ImageObject\",\"inLanguage\":\"fr-FR\",\"@id\":\"https:\/\/cape.oceanmedia.ca\/fr\/#\/schema\/logo\/image\/\",\"url\":\"https:\/\/cape.oceanmedia.ca\/wp-content\/uploads\/2022\/07\/cropped-Black-White-Minimalist-Simple-Monogram-Name-Logo-Circle-Sticker.png\",\"contentUrl\":\"https:\/\/cape.oceanmedia.ca\/wp-content\/uploads\/2022\/07\/cropped-Black-White-Minimalist-Simple-Monogram-Name-Logo-Circle-Sticker.png\",\"width\":512,\"height\":512,\"caption\":\"Canadian Association of Physicians for the Environment\"},\"image\":{\"@id\":\"https:\/\/cape.oceanmedia.ca\/fr\/#\/schema\/logo\/image\/\"},\"sameAs\":[\"https:\/\/www.facebook.com\/capedoctors\",\"https:\/\/twitter.com\/CAPE_ACME\",\"https:\/\/www.instagram.com\/cape_doctors\/\"]}]}<\/script>\n<!-- \/ Yoast SEO plugin. -->","yoast_head_json":{"title":"Projet de loi C-372 : la Loi concernant la publicit\u00e9 relative aux combustibles fossiles - CAPE","robots":{"index":"noindex","follow":"follow","max-snippet":"max-snippet:-1","max-image-preview":"max-image-preview:large","max-video-preview":"max-video-preview:-1"},"og_locale":"fr_FR","og_type":"article","og_title":"Projet de loi C-372 : la Loi concernant la publicit\u00e9 relative aux combustibles fossiles - CAPE","og_description":"En f\u00e9vrier 2024, le projet de loi\u00a0C-372, la Loi concernant la publicit\u00e9 relative aux combustibles fossiles, a \u00e9t\u00e9 d\u00e9pos\u00e9 \u00e0 la Chambre des communes. L\u2019ACME se r\u00e9jouit du d\u00e9p\u00f4t de ce projet de loi par Charlie Angus, porte-parole du Nouveau Parti d\u00e9mocratique en mati\u00e8re de ressources naturelles et d\u00e9put\u00e9 de Timmins-Baie James. Cette initiative vient &hellip; Continued","og_url":"https:\/\/cape.oceanmedia.ca\/fr\/projet-de-loi-c-372-la-loi-concernant-la-publicite-relative-aux-combustibles-fossiles\/","og_site_name":"CAPE","article_publisher":"https:\/\/www.facebook.com\/capedoctors","article_modified_time":"2024-04-29T17:27:45+00:00","og_image":[{"width":2560,"height":2560,"url":"https:\/\/cape.oceanmedia.ca\/wp-content\/uploads\/2024\/04\/CAPE-Lobby-Day-Bill-C-372-3-scaled.jpg","type":"image\/jpeg"}],"twitter_card":"summary_large_image","twitter_site":"@CAPE_ACME","twitter_misc":{"Dur\u00e9e de lecture estim\u00e9e":"2 minutes"},"schema":{"@context":"https:\/\/schema.org","@graph":[{"@type":"WebPage","@id":"https:\/\/cape.oceanmedia.ca\/fr\/projet-de-loi-c-372-la-loi-concernant-la-publicite-relative-aux-combustibles-fossiles\/","url":"https:\/\/cape.oceanmedia.ca\/fr\/projet-de-loi-c-372-la-loi-concernant-la-publicite-relative-aux-combustibles-fossiles\/","name":"Projet de loi C-372 : la Loi concernant la publicit\u00e9 relative aux combustibles fossiles - CAPE","isPartOf":{"@id":"https:\/\/cape.oceanmedia.ca\/fr\/#website"},"datePublished":"2024-04-29T17:21:38+00:00","dateModified":"2024-04-29T17:27:45+00:00","breadcrumb":{"@id":"https:\/\/cape.oceanmedia.ca\/fr\/projet-de-loi-c-372-la-loi-concernant-la-publicite-relative-aux-combustibles-fossiles\/#breadcrumb"},"inLanguage":"fr-FR","potentialAction":[{"@type":"ReadAction","target":["https:\/\/cape.oceanmedia.ca\/fr\/projet-de-loi-c-372-la-loi-concernant-la-publicite-relative-aux-combustibles-fossiles\/"]}]},{"@type":"BreadcrumbList","@id":"https:\/\/cape.oceanmedia.ca\/fr\/projet-de-loi-c-372-la-loi-concernant-la-publicite-relative-aux-combustibles-fossiles\/#breadcrumb","itemListElement":[{"@type":"ListItem","position":1,"name":"Home","item":"https:\/\/cape.oceanmedia.ca\/fr\/"},{"@type":"ListItem","position":2,"name":"Projet de loi C-372 : la Loi concernant la publicit\u00e9 relative aux combustibles fossiles"}]},{"@type":"WebSite","@id":"https:\/\/cape.oceanmedia.ca\/fr\/#website","url":"https:\/\/cape.oceanmedia.ca\/fr\/","name":"CAPE","description":"Canadian Association of Physicians for the Environment","publisher":{"@id":"https:\/\/cape.oceanmedia.ca\/fr\/#organization"},"potentialAction":[{"@type":"SearchAction","target":{"@type":"EntryPoint","urlTemplate":"https:\/\/cape.oceanmedia.ca\/fr\/?s={search_term_string}"},"query-input":"required name=search_term_string"}],"inLanguage":"fr-FR"},{"@type":"Organization","@id":"https:\/\/cape.oceanmedia.ca\/fr\/#organization","name":"Canadian Association of Physicians for the Environment","url":"https:\/\/cape.oceanmedia.ca\/fr\/","logo":{"@type":"ImageObject","inLanguage":"fr-FR","@id":"https:\/\/cape.oceanmedia.ca\/fr\/#\/schema\/logo\/image\/","url":"https:\/\/cape.oceanmedia.ca\/wp-content\/uploads\/2022\/07\/cropped-Black-White-Minimalist-Simple-Monogram-Name-Logo-Circle-Sticker.png","contentUrl":"https:\/\/cape.oceanmedia.ca\/wp-content\/uploads\/2022\/07\/cropped-Black-White-Minimalist-Simple-Monogram-Name-Logo-Circle-Sticker.png","width":512,"height":512,"caption":"Canadian Association of Physicians for the Environment"},"image":{"@id":"https:\/\/cape.oceanmedia.ca\/fr\/#\/schema\/logo\/image\/"},"sameAs":["https:\/\/www.facebook.com\/capedoctors","https:\/\/twitter.com\/CAPE_ACME","https:\/\/www.instagram.com\/cape_doctors\/"]}]}},"_links":{"self":[{"href":"https:\/\/cape.oceanmedia.ca\/fr\/wp-json\/wp\/v2\/pages\/16066","targetHints":{"allow":["GET"]}}],"collection":[{"href":"https:\/\/cape.oceanmedia.ca\/fr\/wp-json\/wp\/v2\/pages"}],"about":[{"href":"https:\/\/cape.oceanmedia.ca\/fr\/wp-json\/wp\/v2\/types\/page"}],"author":[{"embeddable":true,"href":"https:\/\/cape.oceanmedia.ca\/fr\/wp-json\/wp\/v2\/users\/43"}],"replies":[{"embeddable":true,"href":"https:\/\/cape.oceanmedia.ca\/fr\/wp-json\/wp\/v2\/comments?post=16066"}],"version-history":[{"count":4,"href":"https:\/\/cape.oceanmedia.ca\/fr\/wp-json\/wp\/v2\/pages\/16066\/revisions"}],"predecessor-version":[{"id":16070,"href":"https:\/\/cape.oceanmedia.ca\/fr\/wp-json\/wp\/v2\/pages\/16066\/revisions\/16070"}],"wp:featuredmedia":[{"embeddable":true,"href":"https:\/\/cape.oceanmedia.ca\/fr\/wp-json\/wp\/v2\/media\/16014"}],"wp:attachment":[{"href":"https:\/\/cape.oceanmedia.ca\/fr\/wp-json\/wp\/v2\/media?parent=16066"}],"wp:term":[{"taxonomy":"category","embeddable":true,"href":"https:\/\/cape.oceanmedia.ca\/fr\/wp-json\/wp\/v2\/categories?post=16066"},{"taxonomy":"post_tag","embeddable":true,"href":"https:\/\/cape.oceanmedia.ca\/fr\/wp-json\/wp\/v2\/tags?post=16066"}],"curies":[{"name":"wp","href":"https:\/\/api.w.org\/{rel}","templated":true}]}}